{"id":1077,"date":"2023-12-18T11:41:10","date_gmt":"2023-12-18T11:41:10","guid":{"rendered":"https:\/\/amplituderesearchhcp.com\/landing\/"},"modified":"2024-07-19T12:03:12","modified_gmt":"2024-07-19T12:03:12","slug":"landing","status":"publish","type":"page","link":"https:\/\/amplituderesearchhcp.com\/es\/","title":{"rendered":"Landing"},"content":{"rendered":"\t\t<div data-elementor-type=\"wp-page\" data-elementor-id=\"1077\" class=\"elementor elementor-1077 elementor-16\" data-elementor-post-type=\"page\">\n\t\t\t\t\t\t<section class=\"elementor-section elementor-top-section elementor-element elementor-element-797b1f7 elementor-section-boxed elementor-section-height-default elementor-section-height-default\" data-id=\"797b1f7\" data-element_type=\"section\" data-settings=\"{&quot;jet_parallax_layout_list&quot;:[]}\">\n\t\t\t\t\t\t<div class=\"elementor-container elementor-column-gap-default\">\n\t\t\t\t\t<div class=\"elementor-column elementor-col-50 elementor-top-column elementor-element elementor-element-c0b1293\" data-id=\"c0b1293\" data-element_type=\"column\">\n\t\t\t<div class=\"elementor-widget-wrap elementor-element-populated\">\n\t\t\t\t\t\t<div class=\"elementor-element elementor-element-c7b6ce1 elementor-widget elementor-widget-heading\" data-id=\"c7b6ce1\" data-element_type=\"widget\" data-widget_type=\"heading.default\">\n\t\t\t\t<div class=\"elementor-widget-container\">\n\t\t\t\t\t<h1 class=\"elementor-heading-title elementor-size-default\">Estudio de investigaci\u00f3n cl\u00ednica AMPLITUDE<\/h1>\t\t\t\t<\/div>\n\t\t\t\t<\/div>\n\t\t\t\t<div class=\"elementor-element elementor-element-a8d25ca elementor-widget elementor-widget-heading\" data-id=\"a8d25ca\" data-element_type=\"widget\" data-widget_type=\"heading.default\">\n\t\t\t\t<div class=\"elementor-widget-container\">\n\t\t\t\t\t<h4 class=\"elementor-heading-title elementor-size-default\">Apoyamos a los pacientes en el camino hacia su salud renal.<\/h4>\t\t\t\t<\/div>\n\t\t\t\t<\/div>\n\t\t\t\t<div class=\"elementor-element elementor-element-85da262 elementor-widget elementor-widget-text-editor\" data-id=\"85da262\" data-element_type=\"widget\" data-widget_type=\"text-editor.default\">\n\t\t\t\t<div class=\"elementor-widget-container\">\n\t\t\t\t\t\t\t\t\t<p>En el estudio de investigaci\u00f3n cl\u00ednica AMPLITUDE, se explora un f\u00e1rmaco del estudio en investigaci\u00f3n para la nefropat\u00eda protein\u00farica mediada por APOL1, un tipo de nefropat\u00eda cr\u00f3nica que se produce en la comunidad de raza negra. Puede obtener m\u00e1s informaci\u00f3n sobre el estudio y derivar a un paciente a este sitio web.<\/p>\t\t\t\t\t\t\t\t<\/div>\n\t\t\t\t<\/div>\n\t\t\t\t<div class=\"elementor-element elementor-element-dc568ce elementor-widget elementor-widget-text-editor\" data-id=\"dc568ce\" data-element_type=\"widget\" data-widget_type=\"text-editor.default\">\n\t\t\t\t<div class=\"elementor-widget-container\">\n\t\t\t\t\t\t\t\t\t<p><b>Este sitio web contiene informaci\u00f3n solo para proveedores de atenci\u00f3n m\u00e9dica.\u00a0<\/b><\/p>\t\t\t\t\t\t\t\t<\/div>\n\t\t\t\t<\/div>\n\t\t\t\t<section class=\"elementor-section elementor-inner-section elementor-element elementor-element-bcb0905 elementor-section-boxed elementor-section-height-default elementor-section-height-default\" data-id=\"bcb0905\" data-element_type=\"section\" data-settings=\"{&quot;jet_parallax_layout_list&quot;:[]}\">\n\t\t\t\t\t\t<div class=\"elementor-container elementor-column-gap-default\">\n\t\t\t\t\t<div class=\"elementor-column elementor-col-100 elementor-inner-column elementor-element elementor-element-2480430\" data-id=\"2480430\" data-element_type=\"column\">\n\t\t\t<div class=\"elementor-widget-wrap elementor-element-populated\">\n\t\t\t\t\t\t<div class=\"elementor-element elementor-element-ce4394e elementor-widget__width-auto elementor-widget elementor-widget-button\" data-id=\"ce4394e\" data-element_type=\"widget\" data-widget_type=\"button.default\">\n\t\t\t\t<div class=\"elementor-widget-container\">\n\t\t\t\t\t\t\t\t\t<div class=\"elementor-button-wrapper\">\n\t\t\t\t\t<a class=\"elementor-button elementor-button-link elementor-size-sm\" href=\"https:\/\/amplituderesearchhcp.com\/es\/inicio\/\">\n\t\t\t\t\t\t<span class=\"elementor-button-content-wrapper\">\n\t\t\t\t\t\t\t\t\t<span class=\"elementor-button-text\">M\u00e1s informaci\u00f3n<\/span>\n\t\t\t\t\t<\/span>\n\t\t\t\t\t<\/a>\n\t\t\t\t<\/div>\n\t\t\t\t\t\t\t\t<\/div>\n\t\t\t\t<\/div>\n\t\t\t\t<div class=\"elementor-element elementor-element-a4dd861 elementor-widget__width-auto elementor-widget elementor-widget-button\" data-id=\"a4dd861\" data-element_type=\"widget\" data-widget_type=\"button.default\">\n\t\t\t\t<div class=\"elementor-widget-container\">\n\t\t\t\t\t\t\t\t\t<div class=\"elementor-button-wrapper\">\n\t\t\t\t\t<a class=\"elementor-button elementor-button-link elementor-size-sm\" href=\"https:\/\/amplituderesearchhcp.com\/es\/encuentre-un-centro-con-reclutamiento-abierto\/\">\n\t\t\t\t\t\t<span class=\"elementor-button-content-wrapper\">\n\t\t\t\t\t\t\t\t\t<span class=\"elementor-button-text\">Encuentre un centro con<br \/>reclutamiento abierto<\/span>\n\t\t\t\t\t<\/span>\n\t\t\t\t\t<\/a>\n\t\t\t\t<\/div>\n\t\t\t\t\t\t\t\t<\/div>\n\t\t\t\t<\/div>\n\t\t\t\t\t<\/div>\n\t\t<\/div>\n\t\t\t\t\t<\/div>\n\t\t<\/section>\n\t\t\t\t\t<\/div>\n\t\t<\/div>\n\t\t\t\t<div class=\"elementor-column elementor-col-50 elementor-top-column elementor-element elementor-element-0db08f8\" data-id=\"0db08f8\" data-element_type=\"column\" data-settings=\"{&quot;background_background&quot;:&quot;classic&quot;}\">\n\t\t\t<div class=\"elementor-widget-wrap elementor-element-populated\">\n\t\t\t\t\t\t<div class=\"elementor-element elementor-element-70c9a3a elementor-widget elementor-widget-spacer\" data-id=\"70c9a3a\" data-element_type=\"widget\" data-widget_type=\"spacer.default\">\n\t\t\t\t<div class=\"elementor-widget-container\">\n\t\t\t\t\t\t\t<div class=\"elementor-spacer\">\n\t\t\t<div class=\"elementor-spacer-inner\"><\/div>\n\t\t<\/div>\n\t\t\t\t\t\t<\/div>\n\t\t\t\t<\/div>\n\t\t\t\t\t<\/div>\n\t\t<\/div>\n\t\t\t\t\t<\/div>\n\t\t<\/section>\n\t\t\t\t<\/div>\n\t\t","protected":false},"excerpt":{"rendered":"<p>Estudio de investigaci\u00f3n cl\u00ednica AMPLITUDE Apoyamos a los pacientes en el camino hacia su salud renal. En el estudio de investigaci\u00f3n cl\u00ednica AMPLITUDE, se explora un f\u00e1rmaco del estudio en investigaci\u00f3n para la nefropat\u00eda protein\u00farica mediada por APOL1, un tipo de nefropat\u00eda cr\u00f3nica que se produce en la comunidad de raza negra. Puede obtener m\u00e1s [&hellip;]<\/p>\n","protected":false},"author":1,"featured_media":0,"parent":0,"menu_order":0,"comment_status":"closed","ping_status":"closed","template":"","meta":{"footnotes":""},"class_list":["post-1077","page","type-page","status-publish","hentry"],"yoast_head":"<!-- This site is optimized with the Yoast SEO plugin v26.1.1 - https:\/\/yoast.com\/wordpress\/plugins\/seo\/ -->\n<title>Landing - USA HCP<\/title>\n<meta name=\"robots\" content=\"index, follow, max-snippet:-1, max-image-preview:large, max-video-preview:-1\" \/>\n<link rel=\"canonical\" href=\"https:\/\/amplituderesearchhcp.com\/es\/\" \/>\n<meta property=\"og:locale\" content=\"es_ES\" \/>\n<meta property=\"og:type\" content=\"article\" \/>\n<meta property=\"og:title\" content=\"Landing - USA HCP\" \/>\n<meta property=\"og:description\" content=\"Estudio de investigaci\u00f3n cl\u00ednica AMPLITUDE Apoyamos a los pacientes en el camino hacia su salud renal. En el estudio de investigaci\u00f3n cl\u00ednica AMPLITUDE, se explora un f\u00e1rmaco del estudio en investigaci\u00f3n para la nefropat\u00eda protein\u00farica mediada por APOL1, un tipo de nefropat\u00eda cr\u00f3nica que se produce en la comunidad de raza negra. Puede obtener m\u00e1s [&hellip;]\" \/>\n<meta property=\"og:url\" content=\"https:\/\/amplituderesearchhcp.com\/es\/\" \/>\n<meta property=\"og:site_name\" content=\"USA HCP\" \/>\n<meta property=\"article:modified_time\" content=\"2024-07-19T12:03:12+00:00\" \/>\n<meta name=\"twitter:card\" content=\"summary_large_image\" \/>\n<meta name=\"twitter:label1\" content=\"Tiempo de lectura\" \/>\n\t<meta name=\"twitter:data1\" content=\"1 minuto\" \/>\n<script type=\"application\/ld+json\" class=\"yoast-schema-graph\">{\"@context\":\"https:\/\/schema.org\",\"@graph\":[{\"@type\":\"WebPage\",\"@id\":\"https:\/\/amplituderesearchhcp.com\/es\/\",\"url\":\"https:\/\/amplituderesearchhcp.com\/es\/\",\"name\":\"Landing - USA HCP\",\"isPartOf\":{\"@id\":\"https:\/\/amplituderesearchhcp.com\/#website\"},\"datePublished\":\"2023-12-18T11:41:10+00:00\",\"dateModified\":\"2024-07-19T12:03:12+00:00\",\"breadcrumb\":{\"@id\":\"https:\/\/amplituderesearchhcp.com\/es\/#breadcrumb\"},\"inLanguage\":\"es\",\"potentialAction\":[{\"@type\":\"ReadAction\",\"target\":[\"https:\/\/amplituderesearchhcp.com\/es\/\"]}]},{\"@type\":\"BreadcrumbList\",\"@id\":\"https:\/\/amplituderesearchhcp.com\/es\/#breadcrumb\",\"itemListElement\":[{\"@type\":\"ListItem\",\"position\":1,\"name\":\"Home\",\"item\":\"https:\/\/amplituderesearchhcp.com\/es\/\"},{\"@type\":\"ListItem\",\"position\":2,\"name\":\"Landing\"}]},{\"@type\":\"WebSite\",\"@id\":\"https:\/\/amplituderesearchhcp.com\/#website\",\"url\":\"https:\/\/amplituderesearchhcp.com\/\",\"name\":\"USA HCP\",\"description\":\"Fighting chronic kidney disease is a family affair\",\"publisher\":{\"@id\":\"https:\/\/amplituderesearchhcp.com\/#organization\"},\"potentialAction\":[{\"@type\":\"SearchAction\",\"target\":{\"@type\":\"EntryPoint\",\"urlTemplate\":\"https:\/\/amplituderesearchhcp.com\/?s={search_term_string}\"},\"query-input\":{\"@type\":\"PropertyValueSpecification\",\"valueRequired\":true,\"valueName\":\"search_term_string\"}}],\"inLanguage\":\"es\"},{\"@type\":\"Organization\",\"@id\":\"https:\/\/amplituderesearchhcp.com\/#organization\",\"name\":\"USA HCP\",\"url\":\"https:\/\/amplituderesearchhcp.com\/\",\"logo\":{\"@type\":\"ImageObject\",\"inLanguage\":\"es\",\"@id\":\"https:\/\/amplituderesearchhcp.com\/#\/schema\/logo\/image\/\",\"url\":\"https:\/\/amplituderesearchhcp.com\/wp-content\/uploads\/sites\/5\/2021\/05\/Amiplitude_Final_Without_Descriptor_RGB-01.svg\",\"contentUrl\":\"https:\/\/amplituderesearchhcp.com\/wp-content\/uploads\/sites\/5\/2021\/05\/Amiplitude_Final_Without_Descriptor_RGB-01.svg\",\"width\":240,\"height\":83,\"caption\":\"USA HCP\"},\"image\":{\"@id\":\"https:\/\/amplituderesearchhcp.com\/#\/schema\/logo\/image\/\"}}]}<\/script>\n<!-- \/ Yoast SEO plugin. -->","yoast_head_json":{"title":"Landing - USA HCP","robots":{"index":"index","follow":"follow","max-snippet":"max-snippet:-1","max-image-preview":"max-image-preview:large","max-video-preview":"max-video-preview:-1"},"canonical":"https:\/\/amplituderesearchhcp.com\/es\/","og_locale":"es_ES","og_type":"article","og_title":"Landing - USA HCP","og_description":"Estudio de investigaci\u00f3n cl\u00ednica AMPLITUDE Apoyamos a los pacientes en el camino hacia su salud renal. En el estudio de investigaci\u00f3n cl\u00ednica AMPLITUDE, se explora un f\u00e1rmaco del estudio en investigaci\u00f3n para la nefropat\u00eda protein\u00farica mediada por APOL1, un tipo de nefropat\u00eda cr\u00f3nica que se produce en la comunidad de raza negra. Puede obtener m\u00e1s [&hellip;]","og_url":"https:\/\/amplituderesearchhcp.com\/es\/","og_site_name":"USA HCP","article_modified_time":"2024-07-19T12:03:12+00:00","twitter_card":"summary_large_image","twitter_misc":{"Tiempo de lectura":"1 minuto"},"schema":{"@context":"https:\/\/schema.org","@graph":[{"@type":"WebPage","@id":"https:\/\/amplituderesearchhcp.com\/es\/","url":"https:\/\/amplituderesearchhcp.com\/es\/","name":"Landing - USA HCP","isPartOf":{"@id":"https:\/\/amplituderesearchhcp.com\/#website"},"datePublished":"2023-12-18T11:41:10+00:00","dateModified":"2024-07-19T12:03:12+00:00","breadcrumb":{"@id":"https:\/\/amplituderesearchhcp.com\/es\/#breadcrumb"},"inLanguage":"es","potentialAction":[{"@type":"ReadAction","target":["https:\/\/amplituderesearchhcp.com\/es\/"]}]},{"@type":"BreadcrumbList","@id":"https:\/\/amplituderesearchhcp.com\/es\/#breadcrumb","itemListElement":[{"@type":"ListItem","position":1,"name":"Home","item":"https:\/\/amplituderesearchhcp.com\/es\/"},{"@type":"ListItem","position":2,"name":"Landing"}]},{"@type":"WebSite","@id":"https:\/\/amplituderesearchhcp.com\/#website","url":"https:\/\/amplituderesearchhcp.com\/","name":"USA HCP","description":"Fighting chronic kidney disease is a family affair","publisher":{"@id":"https:\/\/amplituderesearchhcp.com\/#organization"},"potentialAction":[{"@type":"SearchAction","target":{"@type":"EntryPoint","urlTemplate":"https:\/\/amplituderesearchhcp.com\/?s={search_term_string}"},"query-input":{"@type":"PropertyValueSpecification","valueRequired":true,"valueName":"search_term_string"}}],"inLanguage":"es"},{"@type":"Organization","@id":"https:\/\/amplituderesearchhcp.com\/#organization","name":"USA HCP","url":"https:\/\/amplituderesearchhcp.com\/","logo":{"@type":"ImageObject","inLanguage":"es","@id":"https:\/\/amplituderesearchhcp.com\/#\/schema\/logo\/image\/","url":"https:\/\/amplituderesearchhcp.com\/wp-content\/uploads\/sites\/5\/2021\/05\/Amiplitude_Final_Without_Descriptor_RGB-01.svg","contentUrl":"https:\/\/amplituderesearchhcp.com\/wp-content\/uploads\/sites\/5\/2021\/05\/Amiplitude_Final_Without_Descriptor_RGB-01.svg","width":240,"height":83,"caption":"USA HCP"},"image":{"@id":"https:\/\/amplituderesearchhcp.com\/#\/schema\/logo\/image\/"}}]}},"_links":{"self":[{"href":"https:\/\/amplituderesearchhcp.com\/es\/wp-json\/wp\/v2\/pages\/1077","targetHints":{"allow":["GET"]}}],"collection":[{"href":"https:\/\/amplituderesearchhcp.com\/es\/wp-json\/wp\/v2\/pages"}],"about":[{"href":"https:\/\/amplituderesearchhcp.com\/es\/wp-json\/wp\/v2\/types\/page"}],"author":[{"embeddable":true,"href":"https:\/\/amplituderesearchhcp.com\/es\/wp-json\/wp\/v2\/users\/1"}],"replies":[{"embeddable":true,"href":"https:\/\/amplituderesearchhcp.com\/es\/wp-json\/wp\/v2\/comments?post=1077"}],"version-history":[{"count":0,"href":"https:\/\/amplituderesearchhcp.com\/es\/wp-json\/wp\/v2\/pages\/1077\/revisions"}],"wp:attachment":[{"href":"https:\/\/amplituderesearchhcp.com\/es\/wp-json\/wp\/v2\/media?parent=1077"}],"curies":[{"name":"wp","href":"https:\/\/api.w.org\/{rel}","templated":true}]}}