{"id":1076,"date":"2023-12-18T11:41:21","date_gmt":"2023-12-18T11:41:21","guid":{"rendered":"https:\/\/amplituderesearchhcp.com\/home\/"},"modified":"2024-07-31T17:52:56","modified_gmt":"2024-07-31T17:52:56","slug":"inicio","status":"publish","type":"page","link":"https:\/\/amplituderesearchhcp.com\/es\/inicio\/","title":{"rendered":"Inicio"},"content":{"rendered":"\t\t<div data-elementor-type=\"wp-page\" data-elementor-id=\"1076\" class=\"elementor elementor-1076 elementor-18\" data-elementor-post-type=\"page\">\n\t\t\t\t\t\t<section class=\"elementor-section elementor-top-section elementor-element elementor-element-4f0af8a elementor-section-height-min-height elementor-section-boxed elementor-section-height-default elementor-section-items-middle\" data-id=\"4f0af8a\" data-element_type=\"section\" data-settings=\"{&quot;jet_parallax_layout_list&quot;:[]}\">\n\t\t\t\t\t\t<div class=\"elementor-container elementor-column-gap-default\">\n\t\t\t\t\t<div class=\"elementor-column elementor-col-33 elementor-top-column elementor-element elementor-element-9be6a57\" data-id=\"9be6a57\" data-element_type=\"column\">\n\t\t\t<div class=\"elementor-widget-wrap elementor-element-populated\">\n\t\t\t\t\t\t<div class=\"elementor-element elementor-element-dd7fa2e elementor-widget elementor-widget-heading\" data-id=\"dd7fa2e\" data-element_type=\"widget\" data-widget_type=\"heading.default\">\n\t\t\t\t<div class=\"elementor-widget-container\">\n\t\t\t\t\t<h1 class=\"elementor-heading-title elementor-size-default\">Ay\u00fadenos a avanzar en la investigaci\u00f3n de la nefropat\u00eda<\/h1>\t\t\t\t<\/div>\n\t\t\t\t<\/div>\n\t\t\t\t<div class=\"elementor-element elementor-element-0cb20b1 elementor-widget elementor-widget-text-editor\" data-id=\"0cb20b1\" data-element_type=\"widget\" data-widget_type=\"text-editor.default\">\n\t\t\t\t<div class=\"elementor-widget-container\">\n\t\t\t\t\t\t\t\t\t<p>El estudio de investigaci\u00f3n cl\u00ednica AMPLITUDE es un estudio adaptativo de fase\u00a02\/3 que tiene como objetivo aumentar el conocimiento sobre la nefropat\u00eda cr\u00f3nica y crear potencialmente mejores opciones de tratamiento para las generaciones futuras.<\/p>\t\t\t\t\t\t\t\t<\/div>\n\t\t\t\t<\/div>\n\t\t\t\t\t<\/div>\n\t\t<\/div>\n\t\t\t\t<div class=\"elementor-column elementor-col-33 elementor-top-column elementor-element elementor-element-beb0840\" data-id=\"beb0840\" data-element_type=\"column\">\n\t\t\t<div class=\"elementor-widget-wrap\">\n\t\t\t\t\t\t\t<\/div>\n\t\t<\/div>\n\t\t\t\t<div class=\"elementor-column elementor-col-33 elementor-top-column elementor-element elementor-element-3212c9a\" data-id=\"3212c9a\" data-element_type=\"column\">\n\t\t\t<div class=\"elementor-widget-wrap elementor-element-populated\">\n\t\t\t\t\t\t<div class=\"elementor-element elementor-element-2b23b0b elementor-widget elementor-widget-image\" data-id=\"2b23b0b\" data-element_type=\"widget\" data-widget_type=\"image.default\">\n\t\t\t\t<div class=\"elementor-widget-container\">\n\t\t\t\t\t\t\t\t\t\t\t\t\t\t\t<img fetchpriority=\"high\" decoding=\"async\" width=\"588\" height=\"444\" src=\"https:\/\/amplituderesearchhcp.com\/wp-content\/uploads\/sites\/5\/2024\/01\/Group-238-1.jpg\" class=\"attachment-large size-large wp-image-1055\" alt=\"\" srcset=\"https:\/\/amplituderesearchhcp.com\/wp-content\/uploads\/sites\/5\/2024\/01\/Group-238-1.jpg 588w, https:\/\/amplituderesearchhcp.com\/wp-content\/uploads\/sites\/5\/2024\/01\/Group-238-1-300x227.jpg 300w\" sizes=\"(max-width: 588px) 100vw, 588px\" \/>\t\t\t\t\t\t\t\t\t\t\t\t\t\t\t<\/div>\n\t\t\t\t<\/div>\n\t\t\t\t\t<\/div>\n\t\t<\/div>\n\t\t\t\t\t<\/div>\n\t\t<\/section>\n\t\t\t\t<section class=\"elementor-section elementor-top-section elementor-element elementor-element-78f5d0b elementor-section-height-min-height elementor-section-boxed elementor-section-height-default elementor-section-items-middle\" data-id=\"78f5d0b\" data-element_type=\"section\" data-settings=\"{&quot;jet_parallax_layout_list&quot;:[],&quot;background_background&quot;:&quot;classic&quot;}\">\n\t\t\t\t\t\t<div class=\"elementor-container elementor-column-gap-default\">\n\t\t\t\t\t<div class=\"elementor-column elementor-col-100 elementor-top-column elementor-element elementor-element-d127296\" data-id=\"d127296\" data-element_type=\"column\">\n\t\t\t<div class=\"elementor-widget-wrap elementor-element-populated\">\n\t\t\t\t\t\t<div class=\"elementor-element elementor-element-0cb1efe elementor-widget elementor-widget-spacer\" data-id=\"0cb1efe\" data-element_type=\"widget\" data-widget_type=\"spacer.default\">\n\t\t\t\t<div class=\"elementor-widget-container\">\n\t\t\t\t\t\t\t<div class=\"elementor-spacer\">\n\t\t\t<div class=\"elementor-spacer-inner\"><\/div>\n\t\t<\/div>\n\t\t\t\t\t\t<\/div>\n\t\t\t\t<\/div>\n\t\t\t\t\t<\/div>\n\t\t<\/div>\n\t\t\t\t\t<\/div>\n\t\t<\/section>\n\t\t\t\t<section class=\"elementor-section elementor-top-section elementor-element elementor-element-903f66e elementor-section-boxed elementor-section-height-default elementor-section-height-default\" data-id=\"903f66e\" data-element_type=\"section\" data-settings=\"{&quot;jet_parallax_layout_list&quot;:[],&quot;background_background&quot;:&quot;classic&quot;}\">\n\t\t\t\t\t\t<div class=\"elementor-container elementor-column-gap-default\">\n\t\t\t\t\t<div class=\"elementor-column elementor-col-50 elementor-top-column elementor-element elementor-element-2487041\" data-id=\"2487041\" data-element_type=\"column\">\n\t\t\t<div class=\"elementor-widget-wrap elementor-element-populated\">\n\t\t\t\t\t\t<div class=\"elementor-element elementor-element-a01c0ae elementor-widget elementor-widget-image\" data-id=\"a01c0ae\" data-element_type=\"widget\" data-widget_type=\"image.default\">\n\t\t\t\t<div class=\"elementor-widget-container\">\n\t\t\t\t\t\t\t\t\t\t\t\t\t\t\t<img decoding=\"async\" width=\"490\" height=\"337\" src=\"https:\/\/amplituderesearchhcp.com\/wp-content\/uploads\/sites\/5\/2023\/12\/Group-239.jpg\" class=\"attachment-large size-large wp-image-1009\" alt=\"\" srcset=\"https:\/\/amplituderesearchhcp.com\/wp-content\/uploads\/sites\/5\/2023\/12\/Group-239.jpg 490w, https:\/\/amplituderesearchhcp.com\/wp-content\/uploads\/sites\/5\/2023\/12\/Group-239-300x206.jpg 300w\" sizes=\"(max-width: 490px) 100vw, 490px\" \/>\t\t\t\t\t\t\t\t\t\t\t\t\t\t\t<\/div>\n\t\t\t\t<\/div>\n\t\t\t\t\t<\/div>\n\t\t<\/div>\n\t\t\t\t<div class=\"elementor-column elementor-col-50 elementor-top-column elementor-element elementor-element-a7529af\" data-id=\"a7529af\" data-element_type=\"column\">\n\t\t\t<div class=\"elementor-widget-wrap elementor-element-populated\">\n\t\t\t\t\t\t<div class=\"elementor-element elementor-element-d6747cd elementor-widget elementor-widget-heading\" data-id=\"d6747cd\" data-element_type=\"widget\" data-widget_type=\"heading.default\">\n\t\t\t\t<div class=\"elementor-widget-container\">\n\t\t\t\t\t<h2 class=\"elementor-heading-title elementor-size-default\">\u00bfConoce a alguien que podr\u00eda participar?<\/h2>\t\t\t\t<\/div>\n\t\t\t\t<\/div>\n\t\t\t\t<div class=\"elementor-element elementor-element-b96bc49 elementor-widget elementor-widget-text-editor\" data-id=\"b96bc49\" data-element_type=\"widget\" data-widget_type=\"text-editor.default\">\n\t\t\t\t<div class=\"elementor-widget-container\">\n\t\t\t\t\t\t\t\t\tPuede revisar los requisitos de elegibilidad clave en la p\u00e1gina &quot;<a href=\"https:\/\/amplituderesearchhcp.com\/es\/who-can-take-part\/\"><strong>\u00bfQui\u00e9n puede participar?<\/strong><\/a>&quot;. Si conoce a alguien que podr\u00eda cumplir los requisitos de elegibilidad, nos encantar\u00eda que se comunique con nosotros.\t\t\t\t\t\t\t\t<\/div>\n\t\t\t\t<\/div>\n\t\t\t\t<div class=\"elementor-element elementor-element-4f13949 elementor-widget elementor-widget-button\" data-id=\"4f13949\" data-element_type=\"widget\" data-widget_type=\"button.default\">\n\t\t\t\t<div class=\"elementor-widget-container\">\n\t\t\t\t\t\t\t\t\t<div class=\"elementor-button-wrapper\">\n\t\t\t\t\t<a class=\"elementor-button elementor-button-link elementor-size-sm\" href=\"https:\/\/amplituderesearchhcp.com\/es\/encuentre-un-centro-con-reclutamiento-abierto\/\">\n\t\t\t\t\t\t<span class=\"elementor-button-content-wrapper\">\n\t\t\t\t\t\t\t\t\t<span class=\"elementor-button-text\">Encuentre un centro con<br \/>reclutamiento abierto<\/span>\n\t\t\t\t\t<\/span>\n\t\t\t\t\t<\/a>\n\t\t\t\t<\/div>\n\t\t\t\t\t\t\t\t<\/div>\n\t\t\t\t<\/div>\n\t\t\t\t\t<\/div>\n\t\t<\/div>\n\t\t\t\t\t<\/div>\n\t\t<\/section>\n\t\t\t\t<section class=\"elementor-section elementor-top-section elementor-element elementor-element-fb175c4 elementor-section-boxed elementor-section-height-default elementor-section-height-default\" data-id=\"fb175c4\" data-element_type=\"section\" data-settings=\"{&quot;jet_parallax_layout_list&quot;:[],&quot;background_background&quot;:&quot;classic&quot;}\">\n\t\t\t\t\t\t<div class=\"elementor-container elementor-column-gap-default\">\n\t\t\t\t\t<div class=\"elementor-column elementor-col-100 elementor-top-column elementor-element elementor-element-d373ff6\" data-id=\"d373ff6\" data-element_type=\"column\">\n\t\t\t<div class=\"elementor-widget-wrap elementor-element-populated\">\n\t\t\t\t\t\t<div class=\"elementor-element elementor-element-827ac2b elementor-widget elementor-widget-heading\" data-id=\"827ac2b\" data-element_type=\"widget\" data-widget_type=\"heading.default\">\n\t\t\t\t<div class=\"elementor-widget-container\">\n\t\t\t\t\t<h3 class=\"elementor-heading-title elementor-size-default\">Obtenga m\u00e1s informaci\u00f3n sobre el estudio<\/h3>\t\t\t\t<\/div>\n\t\t\t\t<\/div>\n\t\t\t\t<section class=\"elementor-section elementor-inner-section elementor-element elementor-element-26aa05b elementor-section-boxed elementor-section-height-default elementor-section-height-default\" data-id=\"26aa05b\" data-element_type=\"section\" data-settings=\"{&quot;jet_parallax_layout_list&quot;:[]}\">\n\t\t\t\t\t\t<div class=\"elementor-container elementor-column-gap-default\">\n\t\t\t\t\t<div class=\"elementor-column elementor-col-33 elementor-inner-column elementor-element elementor-element-5524001\" data-id=\"5524001\" data-element_type=\"column\">\n\t\t\t<div class=\"elementor-widget-wrap elementor-element-populated\">\n\t\t\t\t\t\t<div class=\"elementor-element elementor-element-77b1031 elementor-widget elementor-widget-image\" data-id=\"77b1031\" data-element_type=\"widget\" data-widget_type=\"image.default\">\n\t\t\t\t<div class=\"elementor-widget-container\">\n\t\t\t\t\t\t\t\t\t\t\t\t\t\t\t\t<a href=\"https:\/\/amplituderesearchhcp.com\/es\/acerca-del-estudio\/\">\n\t\t\t\t\t\t\t<img decoding=\"async\" width=\"350\" height=\"196\" src=\"https:\/\/amplituderesearchhcp.com\/wp-content\/uploads\/sites\/5\/2024\/01\/Image.jpg\" class=\"attachment-large size-large wp-image-1062\" alt=\"\" srcset=\"https:\/\/amplituderesearchhcp.com\/wp-content\/uploads\/sites\/5\/2024\/01\/Image.jpg 350w, https:\/\/amplituderesearchhcp.com\/wp-content\/uploads\/sites\/5\/2024\/01\/Image-300x168.jpg 300w\" sizes=\"(max-width: 350px) 100vw, 350px\" \/>\t\t\t\t\t\t\t\t<\/a>\n\t\t\t\t\t\t\t\t\t\t\t\t\t\t\t<\/div>\n\t\t\t\t<\/div>\n\t\t\t\t<div class=\"elementor-element elementor-element-d2c2469 elementor-widget elementor-widget-heading\" data-id=\"d2c2469\" data-element_type=\"widget\" data-widget_type=\"heading.default\">\n\t\t\t\t<div class=\"elementor-widget-container\">\n\t\t\t\t\t<h4 class=\"elementor-heading-title elementor-size-default\"><a href=\"https:\/\/amplituderesearchhcp.com\/es\/acerca-del-estudio\/\">Acerca del estudio<\/a><\/h4>\t\t\t\t<\/div>\n\t\t\t\t<\/div>\n\t\t\t\t<div class=\"elementor-element elementor-element-73a4289 elementor-widget elementor-widget-heading\" data-id=\"73a4289\" data-element_type=\"widget\" data-widget_type=\"heading.default\">\n\t\t\t\t<div class=\"elementor-widget-container\">\n\t\t\t\t\t<p class=\"elementor-heading-title elementor-size-default\"><a href=\"https:\/\/amplituderesearchhcp.com\/es\/acerca-del-estudio\/\">M\u00e1s informaci\u00f3n<\/a><\/p>\t\t\t\t<\/div>\n\t\t\t\t<\/div>\n\t\t\t\t\t<\/div>\n\t\t<\/div>\n\t\t\t\t<div class=\"elementor-column elementor-col-33 elementor-inner-column elementor-element elementor-element-38b27b0\" data-id=\"38b27b0\" data-element_type=\"column\">\n\t\t\t<div class=\"elementor-widget-wrap elementor-element-populated\">\n\t\t\t\t\t\t<div class=\"elementor-element elementor-element-6323f29 elementor-widget elementor-widget-image\" data-id=\"6323f29\" data-element_type=\"widget\" data-widget_type=\"image.default\">\n\t\t\t\t<div class=\"elementor-widget-container\">\n\t\t\t\t\t\t\t\t\t\t\t\t\t\t\t\t<a href=\"https:\/\/amplituderesearchhcp.com\/es\/quien-puede-participar\/\">\n\t\t\t\t\t\t\t<img loading=\"lazy\" decoding=\"async\" width=\"350\" height=\"196\" src=\"https:\/\/amplituderesearchhcp.com\/wp-content\/uploads\/sites\/5\/2024\/01\/istockphoto-1181952216-1024x1024-1.jpg\" class=\"attachment-large size-large wp-image-1063\" alt=\"\" srcset=\"https:\/\/amplituderesearchhcp.com\/wp-content\/uploads\/sites\/5\/2024\/01\/istockphoto-1181952216-1024x1024-1.jpg 350w, https:\/\/amplituderesearchhcp.com\/wp-content\/uploads\/sites\/5\/2024\/01\/istockphoto-1181952216-1024x1024-1-300x168.jpg 300w\" sizes=\"(max-width: 350px) 100vw, 350px\" \/>\t\t\t\t\t\t\t\t<\/a>\n\t\t\t\t\t\t\t\t\t\t\t\t\t\t\t<\/div>\n\t\t\t\t<\/div>\n\t\t\t\t<div class=\"elementor-element elementor-element-01334d0 elementor-widget elementor-widget-heading\" data-id=\"01334d0\" data-element_type=\"widget\" data-widget_type=\"heading.default\">\n\t\t\t\t<div class=\"elementor-widget-container\">\n\t\t\t\t\t<h4 class=\"elementor-heading-title elementor-size-default\"><a href=\"https:\/\/amplituderesearchhcp.com\/es\/quien-puede-participar\/\">\u00bfQui\u00e9n puede participar?<\/a><\/h4>\t\t\t\t<\/div>\n\t\t\t\t<\/div>\n\t\t\t\t<div class=\"elementor-element elementor-element-1a1f53f elementor-widget elementor-widget-heading\" data-id=\"1a1f53f\" data-element_type=\"widget\" data-widget_type=\"heading.default\">\n\t\t\t\t<div class=\"elementor-widget-container\">\n\t\t\t\t\t<p class=\"elementor-heading-title elementor-size-default\"><a href=\"https:\/\/amplituderesearchhcp.com\/es\/quien-puede-participar\/\">M\u00e1s informaci\u00f3n<\/a><\/p>\t\t\t\t<\/div>\n\t\t\t\t<\/div>\n\t\t\t\t\t<\/div>\n\t\t<\/div>\n\t\t\t\t<div class=\"elementor-column elementor-col-33 elementor-inner-column elementor-element elementor-element-9a71c8b\" data-id=\"9a71c8b\" data-element_type=\"column\">\n\t\t\t<div class=\"elementor-widget-wrap elementor-element-populated\">\n\t\t\t\t\t\t<div class=\"elementor-element elementor-element-c0af732 elementor-widget elementor-widget-image\" data-id=\"c0af732\" data-element_type=\"widget\" data-widget_type=\"image.default\">\n\t\t\t\t<div class=\"elementor-widget-container\">\n\t\t\t\t\t\t\t\t\t\t\t\t\t\t\t\t<a href=\"https:\/\/amplituderesearchhcp.com\/es\/encuentre-un-centro-con-reclutamiento-abierto\/\">\n\t\t\t\t\t\t\t<img loading=\"lazy\" decoding=\"async\" width=\"350\" height=\"196\" src=\"https:\/\/amplituderesearchhcp.com\/wp-content\/uploads\/sites\/5\/2024\/01\/istockphoto-1181952216-1024x1024-2.jpg\" class=\"attachment-large size-large wp-image-1064\" alt=\"\" srcset=\"https:\/\/amplituderesearchhcp.com\/wp-content\/uploads\/sites\/5\/2024\/01\/istockphoto-1181952216-1024x1024-2.jpg 350w, https:\/\/amplituderesearchhcp.com\/wp-content\/uploads\/sites\/5\/2024\/01\/istockphoto-1181952216-1024x1024-2-300x168.jpg 300w\" sizes=\"(max-width: 350px) 100vw, 350px\" \/>\t\t\t\t\t\t\t\t<\/a>\n\t\t\t\t\t\t\t\t\t\t\t\t\t\t\t<\/div>\n\t\t\t\t<\/div>\n\t\t\t\t<div class=\"elementor-element elementor-element-50106f1 elementor-widget elementor-widget-heading\" data-id=\"50106f1\" data-element_type=\"widget\" data-widget_type=\"heading.default\">\n\t\t\t\t<div class=\"elementor-widget-container\">\n\t\t\t\t\t<h4 class=\"elementor-heading-title elementor-size-default\"><a href=\"https:\/\/amplituderesearchhcp.com\/es\/encuentre-un-centro-con-reclutamiento-abierto\/\">Encuentre un centro con reclutamiento abierto<\/a><\/h4>\t\t\t\t<\/div>\n\t\t\t\t<\/div>\n\t\t\t\t<div class=\"elementor-element elementor-element-42766e7 elementor-widget elementor-widget-heading\" data-id=\"42766e7\" data-element_type=\"widget\" data-widget_type=\"heading.default\">\n\t\t\t\t<div class=\"elementor-widget-container\">\n\t\t\t\t\t<p class=\"elementor-heading-title elementor-size-default\"><a href=\"https:\/\/amplituderesearchhcp.com\/es\/encuentre-un-centro-con-reclutamiento-abierto\/\">M\u00e1s informaci\u00f3n<\/a><\/p>\t\t\t\t<\/div>\n\t\t\t\t<\/div>\n\t\t\t\t\t<\/div>\n\t\t<\/div>\n\t\t\t\t\t<\/div>\n\t\t<\/section>\n\t\t\t\t\t<\/div>\n\t\t<\/div>\n\t\t\t\t\t<\/div>\n\t\t<\/section>\n\t\t\t\t<\/div>\n\t\t","protected":false},"excerpt":{"rendered":"<p>Ay\u00fadenos a avanzar en la investigaci\u00f3n de la nefropat\u00eda El estudio de investigaci\u00f3n cl\u00ednica AMPLITUDE es un estudio adaptativo de fase\u00a02\/3 que tiene como objetivo aumentar el conocimiento sobre la nefropat\u00eda cr\u00f3nica y crear potencialmente mejores opciones de tratamiento para las generaciones futuras. \u00bfConoce a alguien que podr\u00eda participar? Puede revisar los requisitos de elegibilidad [&hellip;]<\/p>\n","protected":false},"author":1,"featured_media":0,"parent":0,"menu_order":0,"comment_status":"closed","ping_status":"closed","template":"","meta":{"footnotes":""},"class_list":["post-1076","page","type-page","status-publish","hentry"],"yoast_head":"<!-- This site is optimized with the Yoast SEO plugin v26.1.1 - https:\/\/yoast.com\/wordpress\/plugins\/seo\/ -->\n<title>Inicio - USA HCP<\/title>\n<meta name=\"robots\" content=\"index, follow, max-snippet:-1, max-image-preview:large, max-video-preview:-1\" \/>\n<link rel=\"canonical\" href=\"https:\/\/amplituderesearchhcp.com\/es\/inicio\/\" \/>\n<meta property=\"og:locale\" content=\"es_ES\" \/>\n<meta property=\"og:type\" content=\"article\" \/>\n<meta property=\"og:title\" content=\"Inicio - USA HCP\" \/>\n<meta property=\"og:description\" content=\"Ay\u00fadenos a avanzar en la investigaci\u00f3n de la nefropat\u00eda El estudio de investigaci\u00f3n cl\u00ednica AMPLITUDE es un estudio adaptativo de fase\u00a02\/3 que tiene como objetivo aumentar el conocimiento sobre la nefropat\u00eda cr\u00f3nica y crear potencialmente mejores opciones de tratamiento para las generaciones futuras. \u00bfConoce a alguien que podr\u00eda participar? Puede revisar los requisitos de elegibilidad [&hellip;]\" \/>\n<meta property=\"og:url\" content=\"https:\/\/amplituderesearchhcp.com\/es\/inicio\/\" \/>\n<meta property=\"og:site_name\" content=\"USA HCP\" \/>\n<meta property=\"article:modified_time\" content=\"2024-07-31T17:52:56+00:00\" \/>\n<meta property=\"og:image\" content=\"https:\/\/amplituderesearchhcp.com\/wp-content\/uploads\/sites\/5\/2024\/01\/Group-238-1.jpg\" \/>\n<meta name=\"twitter:card\" content=\"summary_large_image\" \/>\n<meta name=\"twitter:label1\" content=\"Tiempo de lectura\" \/>\n\t<meta name=\"twitter:data1\" content=\"1 minuto\" \/>\n<script type=\"application\/ld+json\" class=\"yoast-schema-graph\">{\"@context\":\"https:\/\/schema.org\",\"@graph\":[{\"@type\":\"WebPage\",\"@id\":\"https:\/\/amplituderesearchhcp.com\/es\/inicio\/\",\"url\":\"https:\/\/amplituderesearchhcp.com\/es\/inicio\/\",\"name\":\"Inicio - USA HCP\",\"isPartOf\":{\"@id\":\"https:\/\/amplituderesearchhcp.com\/#website\"},\"primaryImageOfPage\":{\"@id\":\"https:\/\/amplituderesearchhcp.com\/es\/inicio\/#primaryimage\"},\"image\":{\"@id\":\"https:\/\/amplituderesearchhcp.com\/es\/inicio\/#primaryimage\"},\"thumbnailUrl\":\"https:\/\/amplituderesearchhcp.com\/wp-content\/uploads\/sites\/5\/2024\/01\/Group-238-1.jpg\",\"datePublished\":\"2023-12-18T11:41:21+00:00\",\"dateModified\":\"2024-07-31T17:52:56+00:00\",\"breadcrumb\":{\"@id\":\"https:\/\/amplituderesearchhcp.com\/es\/inicio\/#breadcrumb\"},\"inLanguage\":\"es\",\"potentialAction\":[{\"@type\":\"ReadAction\",\"target\":[\"https:\/\/amplituderesearchhcp.com\/es\/inicio\/\"]}]},{\"@type\":\"ImageObject\",\"inLanguage\":\"es\",\"@id\":\"https:\/\/amplituderesearchhcp.com\/es\/inicio\/#primaryimage\",\"url\":\"https:\/\/amplituderesearchhcp.com\/wp-content\/uploads\/sites\/5\/2024\/01\/Group-238-1.jpg\",\"contentUrl\":\"https:\/\/amplituderesearchhcp.com\/wp-content\/uploads\/sites\/5\/2024\/01\/Group-238-1.jpg\"},{\"@type\":\"BreadcrumbList\",\"@id\":\"https:\/\/amplituderesearchhcp.com\/es\/inicio\/#breadcrumb\",\"itemListElement\":[{\"@type\":\"ListItem\",\"position\":1,\"name\":\"Home\",\"item\":\"https:\/\/amplituderesearchhcp.com\/es\/\"},{\"@type\":\"ListItem\",\"position\":2,\"name\":\"Inicio\"}]},{\"@type\":\"WebSite\",\"@id\":\"https:\/\/amplituderesearchhcp.com\/#website\",\"url\":\"https:\/\/amplituderesearchhcp.com\/\",\"name\":\"USA HCP\",\"description\":\"Fighting chronic kidney disease is a family affair\",\"publisher\":{\"@id\":\"https:\/\/amplituderesearchhcp.com\/#organization\"},\"potentialAction\":[{\"@type\":\"SearchAction\",\"target\":{\"@type\":\"EntryPoint\",\"urlTemplate\":\"https:\/\/amplituderesearchhcp.com\/?s={search_term_string}\"},\"query-input\":{\"@type\":\"PropertyValueSpecification\",\"valueRequired\":true,\"valueName\":\"search_term_string\"}}],\"inLanguage\":\"es\"},{\"@type\":\"Organization\",\"@id\":\"https:\/\/amplituderesearchhcp.com\/#organization\",\"name\":\"USA HCP\",\"url\":\"https:\/\/amplituderesearchhcp.com\/\",\"logo\":{\"@type\":\"ImageObject\",\"inLanguage\":\"es\",\"@id\":\"https:\/\/amplituderesearchhcp.com\/#\/schema\/logo\/image\/\",\"url\":\"https:\/\/amplituderesearchhcp.com\/wp-content\/uploads\/sites\/5\/2021\/05\/Amiplitude_Final_Without_Descriptor_RGB-01.svg\",\"contentUrl\":\"https:\/\/amplituderesearchhcp.com\/wp-content\/uploads\/sites\/5\/2021\/05\/Amiplitude_Final_Without_Descriptor_RGB-01.svg\",\"width\":240,\"height\":83,\"caption\":\"USA HCP\"},\"image\":{\"@id\":\"https:\/\/amplituderesearchhcp.com\/#\/schema\/logo\/image\/\"}}]}<\/script>\n<!-- \/ Yoast SEO plugin. -->","yoast_head_json":{"title":"Inicio - USA HCP","robots":{"index":"index","follow":"follow","max-snippet":"max-snippet:-1","max-image-preview":"max-image-preview:large","max-video-preview":"max-video-preview:-1"},"canonical":"https:\/\/amplituderesearchhcp.com\/es\/inicio\/","og_locale":"es_ES","og_type":"article","og_title":"Inicio - USA HCP","og_description":"Ay\u00fadenos a avanzar en la investigaci\u00f3n de la nefropat\u00eda El estudio de investigaci\u00f3n cl\u00ednica AMPLITUDE es un estudio adaptativo de fase\u00a02\/3 que tiene como objetivo aumentar el conocimiento sobre la nefropat\u00eda cr\u00f3nica y crear potencialmente mejores opciones de tratamiento para las generaciones futuras. \u00bfConoce a alguien que podr\u00eda participar? Puede revisar los requisitos de elegibilidad [&hellip;]","og_url":"https:\/\/amplituderesearchhcp.com\/es\/inicio\/","og_site_name":"USA HCP","article_modified_time":"2024-07-31T17:52:56+00:00","og_image":[{"url":"https:\/\/amplituderesearchhcp.com\/wp-content\/uploads\/sites\/5\/2024\/01\/Group-238-1.jpg","type":"","width":"","height":""}],"twitter_card":"summary_large_image","twitter_misc":{"Tiempo de lectura":"1 minuto"},"schema":{"@context":"https:\/\/schema.org","@graph":[{"@type":"WebPage","@id":"https:\/\/amplituderesearchhcp.com\/es\/inicio\/","url":"https:\/\/amplituderesearchhcp.com\/es\/inicio\/","name":"Inicio - USA HCP","isPartOf":{"@id":"https:\/\/amplituderesearchhcp.com\/#website"},"primaryImageOfPage":{"@id":"https:\/\/amplituderesearchhcp.com\/es\/inicio\/#primaryimage"},"image":{"@id":"https:\/\/amplituderesearchhcp.com\/es\/inicio\/#primaryimage"},"thumbnailUrl":"https:\/\/amplituderesearchhcp.com\/wp-content\/uploads\/sites\/5\/2024\/01\/Group-238-1.jpg","datePublished":"2023-12-18T11:41:21+00:00","dateModified":"2024-07-31T17:52:56+00:00","breadcrumb":{"@id":"https:\/\/amplituderesearchhcp.com\/es\/inicio\/#breadcrumb"},"inLanguage":"es","potentialAction":[{"@type":"ReadAction","target":["https:\/\/amplituderesearchhcp.com\/es\/inicio\/"]}]},{"@type":"ImageObject","inLanguage":"es","@id":"https:\/\/amplituderesearchhcp.com\/es\/inicio\/#primaryimage","url":"https:\/\/amplituderesearchhcp.com\/wp-content\/uploads\/sites\/5\/2024\/01\/Group-238-1.jpg","contentUrl":"https:\/\/amplituderesearchhcp.com\/wp-content\/uploads\/sites\/5\/2024\/01\/Group-238-1.jpg"},{"@type":"BreadcrumbList","@id":"https:\/\/amplituderesearchhcp.com\/es\/inicio\/#breadcrumb","itemListElement":[{"@type":"ListItem","position":1,"name":"Home","item":"https:\/\/amplituderesearchhcp.com\/es\/"},{"@type":"ListItem","position":2,"name":"Inicio"}]},{"@type":"WebSite","@id":"https:\/\/amplituderesearchhcp.com\/#website","url":"https:\/\/amplituderesearchhcp.com\/","name":"USA HCP","description":"Fighting chronic kidney disease is a family affair","publisher":{"@id":"https:\/\/amplituderesearchhcp.com\/#organization"},"potentialAction":[{"@type":"SearchAction","target":{"@type":"EntryPoint","urlTemplate":"https:\/\/amplituderesearchhcp.com\/?s={search_term_string}"},"query-input":{"@type":"PropertyValueSpecification","valueRequired":true,"valueName":"search_term_string"}}],"inLanguage":"es"},{"@type":"Organization","@id":"https:\/\/amplituderesearchhcp.com\/#organization","name":"USA HCP","url":"https:\/\/amplituderesearchhcp.com\/","logo":{"@type":"ImageObject","inLanguage":"es","@id":"https:\/\/amplituderesearchhcp.com\/#\/schema\/logo\/image\/","url":"https:\/\/amplituderesearchhcp.com\/wp-content\/uploads\/sites\/5\/2021\/05\/Amiplitude_Final_Without_Descriptor_RGB-01.svg","contentUrl":"https:\/\/amplituderesearchhcp.com\/wp-content\/uploads\/sites\/5\/2021\/05\/Amiplitude_Final_Without_Descriptor_RGB-01.svg","width":240,"height":83,"caption":"USA HCP"},"image":{"@id":"https:\/\/amplituderesearchhcp.com\/#\/schema\/logo\/image\/"}}]}},"_links":{"self":[{"href":"https:\/\/amplituderesearchhcp.com\/es\/wp-json\/wp\/v2\/pages\/1076","targetHints":{"allow":["GET"]}}],"collection":[{"href":"https:\/\/amplituderesearchhcp.com\/es\/wp-json\/wp\/v2\/pages"}],"about":[{"href":"https:\/\/amplituderesearchhcp.com\/es\/wp-json\/wp\/v2\/types\/page"}],"author":[{"embeddable":true,"href":"https:\/\/amplituderesearchhcp.com\/es\/wp-json\/wp\/v2\/users\/1"}],"replies":[{"embeddable":true,"href":"https:\/\/amplituderesearchhcp.com\/es\/wp-json\/wp\/v2\/comments?post=1076"}],"version-history":[{"count":0,"href":"https:\/\/amplituderesearchhcp.com\/es\/wp-json\/wp\/v2\/pages\/1076\/revisions"}],"wp:attachment":[{"href":"https:\/\/amplituderesearchhcp.com\/es\/wp-json\/wp\/v2\/media?parent=1076"}],"curies":[{"name":"wp","href":"https:\/\/api.w.org\/{rel}","templated":true}]}}